{"id":16,"date":"2018-03-19T03:08:25","date_gmt":"2018-03-19T03:08:25","guid":{"rendered":"http:\/\/http:\/\/malcorp.net\/web\/?page_id=16"},"modified":"2018-07-02T09:40:33","modified_gmt":"2018-07-02T01:40:33","slug":"contact-us","status":"publish","type":"page","link":"https:\/\/malcorp.net\/ru\/contact-us\/","title":{"rendered":"Contact Us"},"content":{"rendered":"<section class=\"wpb-content-wrapper\"><p>[vc_row full_width=&#187;stretch_row_content_no_spaces&#187;][vc_column][vc_row_inner][vc_column_inner][vc_column_text]        <!-- Div pour afficher la map -->\n        <div id=\"map1\"\n             class=\"mapmarker\" style=\"height:540px;width:100%\"><\/div>\n\n        <!-- Script Google Map -->\n        <script type=\"text\/javascript\" async defer>\n\n            \/\/Call initMap.\n            initMap();\n\n            \/\/FONCTION QUI INITIALISE LA MAP\n            function initMap() {\n\n                \/\/ R\u00e9cup. les options de la map grace \u00e0 la fonction php\n                var mapOptions = {\n        center:{lat:3.13654940, lng:101.68631730},\n        mapTypeId:google.maps.MapTypeId.ROADMAP,\n        streetViewControl:true,\n        scrollwheel:1,\n        zoom:2};\n\n                \/\/ Affecte les option \u00e0 la map\n                map1 = new google.maps.Map(document.getElementById('map1'), mapOptions);\n\n                \/\/ Init. la fenetre d'info\n                infoWindow = new google.maps.InfoWindow();\n\n                \/\/ Event qui ferme l'info bulle au click\n                google.maps.event.addListener(map1, 'click', function () {\n                    infoWindow.close();\n                });\n\n                \/\/At resize windows\n                jQuery(window).resize(function () {\n                    \/\/Get center position\n                    var center = map1.getCenter();\n                    \/\/Trigger map repaint, to calculate new container sizes, etc\n                    google.maps.event.trigger(map1, \"resize\");\/\/This works from DOM\n                    \/\/Set map center(based on new container width and height)\n                    map1.setCenter(center);\n                });\n\n                \/\/Callback les markers\n                get_Markers();\n\n            } \/\/ End initMap()\n\n\n            \/\/ FUNCTION QUI R\u00c9CUP TOUS LES MARKERS\n            function get_Markers() {\n                \/\/ D\u00e9clare l'array des markers\n                var marker_array = [{\n\t        id:1,\n\t        icon:\"https:\/\/malcorp.net\/web\/wp-content\/uploads\/2018\/03\/map_marker.png\",\n\t        lat:26.36000080,\n\t        lng:-81.78008710},{\n\t        id:3,\n\t        icon:\"https:\/\/malcorp.net\/web\/wp-content\/uploads\/2018\/03\/map_marker.png\",\n\t        lat:25.27100030,\n\t        lng:55.30743980},{\n\t        id:4,\n\t        icon:\"https:\/\/malcorp.net\/web\/wp-content\/uploads\/2018\/03\/map_marker.png\",\n\t        lat:26.36000080,\n\t        lng:-81.78008710},{\n\t        id:2,\n\t        icon:\"https:\/\/malcorp.net\/web\/wp-content\/uploads\/2018\/03\/map_marker.png\",\n\t        lat:3.13654940,\n\t        lng:101.68631730},{\n\t        id:5,\n\t        icon:\"https:\/\/malcorp.net\/web\/wp-content\/uploads\/2018\/03\/map_marker.png\",\n\t        lat:-23.61165730,\n\t        lng:-46.74583350}];\n\n                \/\/ Boucle les markers\n                for (var i = 0; i < marker_array.length; i++) {\n\n                    \/\/ Assigne la position du markeur\n                    var latlng = new google.maps.LatLng(marker_array[i].lat, marker_array[i].lng);\n\n                    \/\/ R\u00e9cup l\"icon du marqueur (une url)\n                    var icon = marker_array[i].icon;\n\n                    \/\/ R\u00e9cup l\"id du marker\n                    var id = marker_array[i].id;\n\n                    \/\/ Callback de la fonction \"set_Markers()\" pour cr\u00e9e les marqueur en envoyant \"id\" et la \"latlng\"\n                    set_Markers(id, latlng, icon);\n                }\n            } \/\/ End \"get_Markers()\"\n\n\n            \/\/ FUNCTION QUI R\u00c9CUP LE CONTENU DES INFOBULLE EN AJAX\n            function get_ajax_content_markeur(id) {\n\n                \/\/Store selector\n                var $infobule = jQuery(\"#infobulle\");\n\n                jQuery.noConflict();\n                (function ($) {\n                    $.ajax({\n                        method: \"POST\",\n                        url: \"https:\/\/malcorp.net\/web\/wp-admin\/admin-ajax.php\",\n                        data: {\n                            action: \"mapmarkerMarkerContent\",\n                            id: id\n                        },\n\n                        beforeSend: function () {\n                            \/\/Clean infobulle\n                            $infobule.empty();\n                            \/\/Create the loader\n                            $infobule.append('<div class=\"loader-marker-c\" style=\"padding: 30px 20px 30px 40px;text-align:center;\"><i class=\"fa fa-refresh fa-spin fa-3x fa-fw\" style=\"color:#C7C7C7;\"><\/i><span class=\"sr-only\"><\/span><\/div>');\n                        },\n\n                        success: function (data) {\n                            \/\/Calclul la hauteur du loader\n                            var h = $('.loader-marker-c').height();\n                            \/\/Ajoute un min-height de l'infobulle de la taille du loader pour un rendu optimal\n                            $infobule.css('min-height', h);\n                            \/\/Remove le loader\n                            $('.loader-marker-c').remove();\n                            \/\/ Add les donn\u00e9 et cr\u00e9e un content\n                            $infobule.append('<div class=\"content-makrer\" style=\"opacity:0;\">' + data + '<\/div>');\n                            \/\/ Ajoute une opacity \u00e0 \"1\" en animate\n                            $(\".content-makrer\").animate({opacity: 1});\n                        }\n                    });\/\/ End .ajax\n\n                })(jQuery);\n            } \/\/ End \"get_ajax_content_markeur()\"\n\n\n            \/\/ FUNCTION QUI AFFECTE TOUS LES MARKERS\n            function set_Markers(id, latlng, icon) {\n\n                \/\/ Affecte la position de chacque marker\n                var marker = new google.maps.Marker({\n                    position: latlng,\n                    map: map1,\n                    icon: icon\n                });\n\n                \/\/ Au click d'un marker\n                google.maps.event.addListener(marker, 'click', function () {\n\n                    \/\/ Add. une div dans l'infobulle\n                    infoWindow.setContent('<div id=\"infobulle\"><\/div>');\n\n                    \/\/ Ouvre l'info bulle avec les donn\u00e9s du markeur\n                    infoWindow.open(map1, marker);\n\n                    \/\/ Call la fonction pour r\u00e9cup\u00e8rer le contenu en AJAX du markeur click\u00e9\n                    get_ajax_content_markeur(id);\n\n                });\n\n            } \/\/ End setMarkers()\n\n        <\/script>\n        [\/vc_column_text][\/vc_column_inner][\/vc_row_inner][vc_empty_space height=&#187;80px&#187;][\/vc_column][\/vc_row][vc_row gap=&#187;20&#8243; equal_height=&#187;yes&#187; css_animation=&#187;fadeInUp&#187; el_id=&#187;location&#187;][vc_column width=&#187;1\/3&#8243;][vc_custom_heading text=&#187;MALAYSIA (HEAD OFFICE)<br \/>\n&#187; use_theme_fonts=&#187;yes&#187;][vc_column_text]<strong>Malaysian Consortium of<br \/>\n<\/strong><strong>Rubber Products Sdn. Bhd.<\/strong><\/p>\n<p>Level 36-01 (West Wing), Q Sentral<br \/>\nJalan Stesen Sentral 2, KL Sentral<br \/>\n50470 Kuala Lumpur.<\/p>\n<p><span style=\"color: #636466;\">Phone:<\/span><br \/>\n+603 2710 2366<\/p>\n<p><span style=\"color: #636466;\">Fax:<\/span><br \/>\n+603 2710 3266<\/p>\n<p><span style=\"color: #636466;\">E-mail:<\/span><br \/>\n<a href=\"mailto:sales@malcorp.net\">sales@malcorp.net<\/a>[\/vc_column_text][\/vc_column][vc_column width=&#187;1\/3&#8243;][vc_custom_heading text=&#187;U.S.A<br \/>\n&#187; use_theme_fonts=&#187;yes&#187;][vc_column_text]10538 Yorkstone Drive<br \/>\nBonita Springs FL, 34135, USA.<\/p>\n<p><span style=\"color: #636466;\">E-Fax:<\/span><br \/>\n+1 6122 3352 24<\/p>\n<p><span style=\"color: #636466;\">E-mail:<\/span><br \/>\n<a href=\"mailto:malcorpamerica@aol.com\">malcorpamerica@aol.com<\/a>[\/vc_column_text][\/vc_column][vc_column width=&#187;1\/3&#8243;][vc_custom_heading text=&#187;U.A.E&#187; use_theme_fonts=&#187;yes&#187;][vc_column_text]<strong>Riqa International Co LLC<\/strong><\/p>\n<p>P.O. Box 39386<br \/>\nDubai, United Arab Emirates.<\/p>\n<p><span style=\"color: #636466;\">Phone:<\/span><br \/>\n+971 507 480 984<br \/>\n+971 506 543 904<\/p>\n<p><span style=\"color: #636466;\">Fax:<br \/>\n<\/span>+971 404 227 6854<\/p>\n<p><span style=\"color: #636466;\">E-mail:<\/span><br \/>\n<a href=\"mailto:riqaintl@eim.ae\">riqaintl@eim.ae<\/a>[\/vc_column_text][\/vc_column][\/vc_row][vc_row][vc_column][vc_empty_space height=&#187;80px&#187;][\/vc_column][\/vc_row][vc_row gap=&#187;20&#8243; equal_height=&#187;yes&#187; el_id=&#187;location&#187;][vc_column width=&#187;1\/3&#8243;][vc_custom_heading text=&#187;PERU, ECUADOR &#038;<br \/>\nBOLIVIA&#187; use_theme_fonts=&#187;yes&#187;][vc_column_text]10538 Yorkstone Drive<br \/>\nBonita Springs FL, 34135, USA.<\/p>\n<p><span style=\"color: #636466;\">E-Fax:<\/span><br \/>\n+1 6122 3352 24<\/p>\n<p><span style=\"color: #636466;\">E-mail:<\/span><br \/>\n<a href=\"mailto:malcorpamerica@aol.com\">malcorpamerica@aol.com<\/a>[\/vc_column_text][\/vc_column][vc_column width=&#187;1\/3&#8243;][vc_custom_heading text=&#187;ARGENTINA, URUGUAY &#038;<br \/>\nPARAGUAY&#187; use_theme_fonts=&#187;yes&#187;][vc_column_text]Rua Dr. Luiz Migliano 761, Block A, Cj 133<br \/>\n05711-011, Novo Morumbi<br \/>\nSao Paulo, Brazil.<\/p>\n<p><span style=\"color: #636466;\">Phone:<\/span><br \/>\n+55 1125 9759 57<\/p>\n<p><span style=\"color: #636466;\">Cellular:<\/span><br \/>\n+55 1197 2320 956<\/p>\n<p><span style=\"color: #636466;\">Cellular in Argentina:<\/span><br \/>\n+54 9114 4180 818<\/p>\n<p><span style=\"color: #636466;\">E-mail:<\/span><br \/>\n<a href=\"mailto:franciscofulleri@fibertel.com.ar\">franciscofulleri@fibertel.com.ar<\/a>[\/vc_column_text][\/vc_column][\/vc_row][vc_row][vc_column][vc_empty_space height=&#187;80px&#187;][\/vc_column][\/vc_row][vc_row full_width=&#187;stretch_row_content&#187; css_animation=&#187;fadeInUp&#187; css=&#187;.vc_custom_1521640415879{background-color: #2e3191 !important;}&#187; el_class=&#187;tl-red&#187; el_id=&#187;enquiry&#187;][vc_column][vc_row_inner][vc_column_inner][vc_custom_heading text=&#187;SEND US YOUR ENQUIRY&#187; font_container=&#187;tag:h2|text_align:center&#187; use_theme_fonts=&#187;yes&#187;]\n<div class=\"wpcf7 no-js\" id=\"wpcf7-f18-o1\" lang=\"en-US\" dir=\"ltr\">\n<div class=\"screen-reader-response\"><p role=\"status\" aria-live=\"polite\" aria-atomic=\"true\"><\/p> <ul><\/ul><\/div>\n<form action=\"\/ru\/wp-json\/wp\/v2\/pages\/16#wpcf7-f18-o1\" method=\"post\" class=\"wpcf7-form init\" aria-label=\"Contact form\" novalidate=\"novalidate\" data-status=\"init\">\n<div style=\"display: none;\">\n<input type=\"hidden\" name=\"_wpcf7\" value=\"18\" \/>\n<input type=\"hidden\" name=\"_wpcf7_version\" value=\"5.7.6\" \/>\n<input type=\"hidden\" name=\"_wpcf7_locale\" value=\"en_US\" \/>\n<input type=\"hidden\" name=\"_wpcf7_unit_tag\" value=\"wpcf7-f18-o1\" \/>\n<input type=\"hidden\" name=\"_wpcf7_container_post\" value=\"0\" \/>\n<input type=\"hidden\" name=\"_wpcf7_posted_data_hash\" value=\"\" \/>\n<input type=\"hidden\" name=\"lang\" value=\"ru\" \/>\n<\/div>\n<div class=\"container\">\n\t<div class=\"row\">\n\t\t<div class=\"col-md-6 col-12\">\n\t\t\t<div>\n\t\t\t\t<p><span class=\"wpcf7-form-control-wrap\" data-name=\"your-name\"><input size=\"40\" class=\"wpcf7-form-control wpcf7-text wpcf7-validates-as-required\" aria-required=\"true\" aria-invalid=\"false\" placeholder=\"Your Name*\" value=\"\" type=\"text\" name=\"your-name\" \/><\/span>\n\t\t\t\t<\/p>\n\t\t\t<\/div>\n\t\t\t<div>\n\t\t\t\t<p><span class=\"wpcf7-form-control-wrap\" data-name=\"your-email\"><input size=\"40\" class=\"wpcf7-form-control wpcf7-text wpcf7-email wpcf7-validates-as-required wpcf7-validates-as-email\" aria-required=\"true\" aria-invalid=\"false\" placeholder=\"Your Email*\" value=\"\" type=\"email\" name=\"your-email\" \/><\/span>\n\t\t\t\t<\/p>\n\t\t\t<\/div>\n\t\t\t<div>\n\t\t\t\t<p><span class=\"wpcf7-form-control-wrap\" data-name=\"select-country\"><select class=\"wpcf7-form-control wpcf7-select wpcf7-validates-as-required\" aria-required=\"true\" aria-invalid=\"false\" name=\"select-country\"><option value=\"\">Select Country*<\/option><option value=\"Afghanistan\">Afghanistan<\/option><option value=\"Albania\">Albania<\/option><option value=\"Algeria\">Algeria<\/option><option value=\"Andorra\">Andorra<\/option><option value=\"Angola\">Angola<\/option><option value=\"Antigua &amp; Barbuda\">Antigua &amp; Barbuda<\/option><option value=\"Argentina\">Argentina<\/option><option value=\"Armenia\">Armenia<\/option><option value=\"Australia\">Australia<\/option><option value=\"Austria\">Austria<\/option><option value=\"Azerbaijan\">Azerbaijan<\/option><option value=\"Bahamas\">Bahamas<\/option><option value=\"Bahrain\">Bahrain<\/option><option value=\"Bangladesh\">Bangladesh<\/option><option value=\"Barbados\">Barbados<\/option><option value=\"Belarus\">Belarus<\/option><option value=\"Belgium\">Belgium<\/option><option value=\"Belize\">Belize<\/option><option value=\"Benin\">Benin<\/option><option value=\"Bhutan\">Bhutan<\/option><option value=\"Bolivia\">Bolivia<\/option><option value=\"Bosnia &amp; Herzegovina\">Bosnia &amp; Herzegovina<\/option><option value=\"Botswana\">Botswana<\/option><option value=\"Brazil\">Brazil<\/option><option value=\"Brunei\">Brunei<\/option><option value=\"Bulgaria\">Bulgaria<\/option><option value=\"Burkina Faso\">Burkina Faso<\/option><option value=\"Burundi\">Burundi<\/option><option value=\"Cambodia\">Cambodia<\/option><option value=\"Cameroon\">Cameroon<\/option><option value=\"Canada\">Canada<\/option><option value=\"Cape Verde\">Cape Verde<\/option><option value=\"Central African Republic\">Central African Republic<\/option><option value=\"Chad\">Chad<\/option><option value=\"Chile\">Chile<\/option><option value=\"China\">China<\/option><option value=\"Colombia\">Colombia<\/option><option value=\"Comoros\">Comoros<\/option><option value=\"Congo\">Congo<\/option><option value=\"Congo Democratic Republic\">Congo Democratic Republic<\/option><option value=\"Costa Rica\">Costa Rica<\/option><option value=\"Cote d&#039;Ivoire\">Cote d&#039;Ivoire<\/option><option value=\"Croatia\">Croatia<\/option><option value=\"Cuba\">Cuba<\/option><option value=\"Cyprus\">Cyprus<\/option><option value=\"Czech Republic\">Czech Republic<\/option><option value=\"Denmark\">Denmark<\/option><option value=\"Djibouti\">Djibouti<\/option><option value=\"Dominica\">Dominica<\/option><option value=\"Dominican Republic\">Dominican Republic<\/option><option value=\"Ecuador\">Ecuador<\/option><option value=\"East Timor\">East Timor<\/option><option value=\"Egypt\">Egypt<\/option><option value=\"El Salvador\">El Salvador<\/option><option value=\"Equatorial Guinea\">Equatorial Guinea<\/option><option value=\"Eritrea\">Eritrea<\/option><option value=\"Estonia\">Estonia<\/option><option value=\"Ethiopia\">Ethiopia<\/option><option value=\"Fiji\">Fiji<\/option><option value=\"Finland\">Finland<\/option><option value=\"France\">France<\/option><option value=\"Gabon\">Gabon<\/option><option value=\"Gambia\">Gambia<\/option><option value=\"Georgia\">Georgia<\/option><option value=\"Germany\">Germany<\/option><option value=\"Ghana\">Ghana<\/option><option value=\"Greece\">Greece<\/option><option value=\"Grenada\">Grenada<\/option><option value=\"Guatemala\">Guatemala<\/option><option value=\"Guinea\">Guinea<\/option><option value=\"Guinea-Bissau\">Guinea-Bissau<\/option><option value=\"Guyana\">Guyana<\/option><option value=\"Haiti\">Haiti<\/option><option value=\"Honduras\">Honduras<\/option><option value=\"Hungary\">Hungary<\/option><option value=\"Iceland\">Iceland<\/option><option value=\"India\">India<\/option><option value=\"Indonesia\">Indonesia<\/option><option value=\"Iran\">Iran<\/option><option value=\"Iraq\">Iraq<\/option><option value=\"Ireland\">Ireland<\/option><option value=\"Israel\">Israel<\/option><option value=\"Italy\">Italy<\/option><option value=\"Jamaica\">Jamaica<\/option><option value=\"Japan\">Japan<\/option><option value=\"Jordan\">Jordan<\/option><option value=\"Kazakhstan\">Kazakhstan<\/option><option value=\"Kenya\">Kenya<\/option><option value=\"Kiribati\">Kiribati<\/option><option value=\"Korea North\">Korea North<\/option><option value=\"Korea South\">Korea South<\/option><option value=\"Kosovo\">Kosovo<\/option><option value=\"Kuwait\">Kuwait<\/option><option value=\"Kyrgyzstan\">Kyrgyzstan<\/option><option value=\"Laos\">Laos<\/option><option value=\"Latvia\">Latvia<\/option><option value=\"Lebanon\">Lebanon<\/option><option value=\"Lesotho\">Lesotho<\/option><option value=\"Liberia\">Liberia<\/option><option value=\"Libya\">Libya<\/option><option value=\"Liechtenstein\">Liechtenstein<\/option><option value=\"Lithuania\">Lithuania<\/option><option value=\"Luxembourg\">Luxembourg<\/option><option value=\"Macedonia\">Macedonia<\/option><option value=\"Madagascar\">Madagascar<\/option><option value=\"Malawi\">Malawi<\/option><option value=\"Malaysia\">Malaysia<\/option><option value=\"Maldives\">Maldives<\/option><option value=\"Mali\">Mali<\/option><option value=\"Malta\">Malta<\/option><option value=\"Marshall Islands\">Marshall Islands<\/option><option value=\"Mauritania\">Mauritania<\/option><option value=\"Mauritius\">Mauritius<\/option><option value=\"Mexico\">Mexico<\/option><option value=\"Micronesia\">Micronesia<\/option><option value=\"Moldova\">Moldova<\/option><option value=\"Monaco\">Monaco<\/option><option value=\"Mongolia\">Mongolia<\/option><option value=\"Montenegro\">Montenegro<\/option><option value=\"Morocco\">Morocco<\/option><option value=\"Mozambique\">Mozambique<\/option><option value=\"Myanmar (Burma)\">Myanmar (Burma)<\/option><option value=\"Namibia\">Namibia<\/option><option value=\"Nauru\">Nauru<\/option><option value=\"Nepal\">Nepal<\/option><option value=\"The Netherlands\">The Netherlands<\/option><option value=\"New Zealand\">New Zealand<\/option><option value=\"Nicaragua\">Nicaragua<\/option><option value=\"Niger\">Niger<\/option><option value=\"Nigeria\">Nigeria<\/option><option value=\"Norway\">Norway<\/option><option value=\"Oman\">Oman<\/option><option value=\"Pakistan\">Pakistan<\/option><option value=\"Palau\">Palau<\/option><option value=\"Palestinian State*\">Palestinian State*<\/option><option value=\"Panama\">Panama<\/option><option value=\"Papua New Guinea\">Papua New Guinea<\/option><option value=\"Paraguay\">Paraguay<\/option><option value=\"Peru\">Peru<\/option><option value=\"The Philippines\">The Philippines<\/option><option value=\"Poland\">Poland<\/option><option value=\"Portugal\">Portugal<\/option><option value=\"Qatar\">Qatar<\/option><option value=\"Romania\">Romania<\/option><option value=\"Russia\">Russia<\/option><option value=\"Rwanda\">Rwanda<\/option><option value=\"St. Kitts &amp; Nevis\">St. Kitts &amp; Nevis<\/option><option value=\"St. Lucia\">St. Lucia<\/option><option value=\"St. Vincent &amp; The Grenadines\">St. Vincent &amp; The Grenadines<\/option><option value=\"Samoa\">Samoa<\/option><option value=\"San Marino\">San Marino<\/option><option value=\"Sao Tome &amp; Principe\">Sao Tome &amp; Principe<\/option><option value=\"Saudi Arabia\">Saudi Arabia<\/option><option value=\"Senegal\">Senegal<\/option><option value=\"Serbia\">Serbia<\/option><option value=\"Seychelles\">Seychelles<\/option><option value=\"Sierra Leone\">Sierra Leone<\/option><option value=\"Singapore\">Singapore<\/option><option value=\"Slovakia\">Slovakia<\/option><option value=\"Slovenia\">Slovenia<\/option><option value=\"Solomon Islands\">Solomon Islands<\/option><option value=\"Somalia\">Somalia<\/option><option value=\"South Africa\">South Africa<\/option><option value=\"South Sudan\">South Sudan<\/option><option value=\"Spain\">Spain<\/option><option value=\"Sri Lanka\">Sri Lanka<\/option><option value=\"Sudan\">Sudan<\/option><option value=\"Suriname\">Suriname<\/option><option value=\"Swaziland\">Swaziland<\/option><option value=\"Sweden\">Sweden<\/option><option value=\"Switzerland\">Switzerland<\/option><option value=\"Syria\">Syria<\/option><option value=\"Taiwan\">Taiwan<\/option><option value=\"Tajikistan\">Tajikistan<\/option><option value=\"Tanzania\">Tanzania<\/option><option value=\"Thailand\">Thailand<\/option><option value=\"Togo\">Togo<\/option><option value=\"Tonga\">Tonga<\/option><option value=\"Trinidad &amp; Tobago\">Trinidad &amp; Tobago<\/option><option value=\"Tunisia\">Tunisia<\/option><option value=\"Turkey\">Turkey<\/option><option value=\"Turkmenistan\">Turkmenistan<\/option><option value=\"Tuvalu\">Tuvalu<\/option><option value=\"Uganda\">Uganda<\/option><option value=\"Ukraine\">Ukraine<\/option><option value=\"United Arab Emirates\">United Arab Emirates<\/option><option value=\"United Kingdom\">United Kingdom<\/option><option value=\"United States of America\">United States of America<\/option><option value=\"Uruguay\">Uruguay<\/option><option value=\"Uzbekistan\">Uzbekistan<\/option><option value=\"Vanuatu\">Vanuatu<\/option><option value=\"Vatican City (Holy See)\">Vatican City (Holy See)<\/option><option value=\"Venezuela\">Venezuela<\/option><option value=\"Vietnam\">Vietnam<\/option><option value=\"Yemen\">Yemen<\/option><option value=\"Zambia\">Zambia<\/option><option value=\"Zimbabwe\">Zimbabwe<\/option><\/select><\/span>\n\t\t\t\t<\/p>\n\t\t\t<\/div>\n\t\t\t<div>\n\t\t\t\t<p><span class=\"wpcf7-form-control-wrap\" data-name=\"select-product\"><select class=\"wpcf7-form-control wpcf7-select wpcf7-validates-as-required\" aria-required=\"true\" aria-invalid=\"false\" name=\"select-product\"><option value=\"\">Select Product*<\/option><option value=\"Rubber Automotive Parts\">Rubber Automotive Parts<\/option><option value=\"Rubber Profiles\">Rubber Profiles<\/option><option value=\"Motorcycle Typres &amp; Inner Tubes\">Motorcycle Typres &amp; Inner Tubes<\/option><option value=\"Precured Tread Liners\">Precured Tread Liners<\/option><option value=\"Rubber Industrial Hoses\">Rubber Industrial Hoses<\/option><option value=\"General Rubber Products\">General Rubber Products<\/option><option value=\"Bridge Bearings &amp; Expansion Joints\">Bridge Bearings &amp; Expansion Joints<\/option><option value=\"Others - Please specify\">Others - Please specify<\/option><\/select><\/span>\n\t\t\t\t<\/p>\n\t\t\t<\/div>\n\t\t<\/div>\n\t\t<div class=\"col-md-6 col-12\">\n\t\t\t<div class=\"enquiry\">\n\t\t\t\t<p><span class=\"wpcf7-form-control-wrap\" data-name=\"your-message\"><textarea cols=\"40\" rows=\"10\" class=\"wpcf7-form-control wpcf7-textarea\" aria-invalid=\"false\" placeholder=\"Your Enquiry\" name=\"your-message\"><\/textarea><\/span>\n\t\t\t\t<\/p>\n\t\t\t<\/div>\n\t\t\t<div class=\"captcha\">\n\t\t\t\t<div id=\"cf7sr-69e76c9cb7edd\" class=\"cf7sr-g-recaptcha\" data-sitekey=\"6Lf3FGUUAAAAAFD-RvIjaBsiFLTwKPo8sO2Ufhyv\"><\/div><span class=\"wpcf7-form-control-wrap cf7sr-recaptcha\" data-name=\"cf7sr-recaptcha\"><input type=\"hidden\" name=\"cf7sr-recaptcha\" value=\"\" class=\"wpcf7-form-control\"><\/span>\n\t\t\t\t<\/p>\n\t\t\t<\/div>\n\t\t\t<div>\n\t\t\t\t<p><input class=\"wpcf7-form-control has-spinner wpcf7-submit\" type=\"submit\" value=\"Send Enquiry\" \/>\n\t\t\t\t<\/p>\n\t\t\t<\/div>\n\t\t<\/div>\n\t<\/div>\n<\/div><div class=\"wpcf7-response-output\" aria-hidden=\"true\"><\/div>\n<\/form>\n<\/div>\n[vc_empty_space height=&#187;80px&#187;][\/vc_column_inner][\/vc_row_inner][\/vc_column][\/vc_row]<\/p>\n<\/section>","protected":false},"excerpt":{"rendered":"<p>[vc_row full_width=&#187;stretch_row_content_no_spaces&#187;][vc_column][vc_row_inner][vc_column_inner][vc_column_text][\/vc_column_text][\/vc_column_inner][\/vc_row_inner][vc_empty_space height=&#187;80px&#187;][\/vc_column][\/vc_row][vc_row gap=&#187;20&#8243; equal_height=&#187;yes&#187; css_animation=&#187;fadeInUp&#187; el_id=&#187;location&#187;][vc_column width=&#187;1\/3&#8243;][vc_custom_heading text=&#187;MALAYSIA (HEAD OFFICE) &#187; use_theme_fonts=&#187;yes&#187;][vc_column_text]Malaysian Consortium of Rubber Products Sdn. Bhd. Level 36-01 (West Wing), Q Sentral Jalan Stesen Sentral 2, KL Sentral 50470 Kuala Lumpur. Phone: +603 2710 2366 Fax: +603 2710 3266 E-mail: sales@malcorp.net[\/vc_column_text][\/vc_column][vc_column width=&#187;1\/3&#8243;][vc_custom_heading text=&#187;U.S.A &#187; use_theme_fonts=&#187;yes&#187;][vc_column_text]10538 Yorkstone Drive Bonita Springs FL, 34135, USA. [&hellip;]<\/p>\n","protected":false},"author":1,"featured_media":0,"parent":0,"menu_order":5,"comment_status":"closed","ping_status":"closed","template":"","meta":[],"_links":{"self":[{"href":"https:\/\/malcorp.net\/ru\/wp-json\/wp\/v2\/pages\/16"}],"collection":[{"href":"https:\/\/malcorp.net\/ru\/wp-json\/wp\/v2\/pages"}],"about":[{"href":"https:\/\/malcorp.net\/ru\/wp-json\/wp\/v2\/types\/page"}],"author":[{"embeddable":true,"href":"https:\/\/malcorp.net\/ru\/wp-json\/wp\/v2\/users\/1"}],"replies":[{"embeddable":true,"href":"https:\/\/malcorp.net\/ru\/wp-json\/wp\/v2\/comments?post=16"}],"version-history":[{"count":49,"href":"https:\/\/malcorp.net\/ru\/wp-json\/wp\/v2\/pages\/16\/revisions"}],"predecessor-version":[{"id":527,"href":"https:\/\/malcorp.net\/ru\/wp-json\/wp\/v2\/pages\/16\/revisions\/527"}],"wp:attachment":[{"href":"https:\/\/malcorp.net\/ru\/wp-json\/wp\/v2\/media?parent=16"}],"curies":[{"name":"wp","href":"https:\/\/api.w.org\/{rel}","templated":true}]}}